{"id":169,"date":"2023-09-11T22:27:26","date_gmt":"2023-09-11T20:27:26","guid":{"rendered":"https:\/\/joseluna.net\/?page_id=169"},"modified":"2023-09-11T22:27:26","modified_gmt":"2023-09-11T20:27:26","slug":"mural-fotografico-en-la-biblioteca-vasconcelos","status":"publish","type":"page","link":"https:\/\/joseluna.net\/index.php\/mural-fotografico-en-la-biblioteca-vasconcelos\/","title":{"rendered":"Mural fotogr\u00e1fico en la Biblioteca Vasconcelos."},"content":{"rendered":"\n<p>Intervenci\u00f3n fotogr\u00e1fica en el patio escalonado de la Biblioteca Vasconcelos en la Ciudad de M\u00e9xico. 2023.<\/p>\n\n\n\n<figure class=\"wp-block-embed is-type-video is-provider-youtube wp-block-embed-youtube wp-embed-aspect-16-9 wp-has-aspect-ratio\"><div class=\"wp-block-embed__wrapper\">\n<iframe loading=\"lazy\" title=\"Mural fotogr\u00e1fico en la Biblioteca Vasconcelos. Jos\u00e9 Luna\" width=\"940\" height=\"529\" src=\"https:\/\/www.youtube.com\/embed\/oXLg5ru5li8?feature=oembed\" frameborder=\"0\" allow=\"accelerometer; autoplay; clipboard-write; encrypted-media; gyroscope; picture-in-picture; web-share\" allowfullscreen><\/iframe>\n<\/div><\/figure>\n","protected":false},"excerpt":{"rendered":"<p>Intervenci\u00f3n fotogr\u00e1fica en el patio escalonado de la Biblioteca Vasconcelos en la Ciudad de M\u00e9xico. 2023.<\/p>\n","protected":false},"author":1,"featured_media":0,"parent":0,"menu_order":0,"comment_status":"closed","ping_status":"closed","template":"","meta":{"_uag_custom_page_level_css":"","footnotes":""},"uagb_featured_image_src":{"full":false,"thumbnail":false,"medium":false,"medium_large":false,"large":false,"1536x1536":false,"2048x2048":false,"post-thumbnail":false,"chique-slider":false,"chique-featured":false,"chique-header-inner":false,"chique-hero-content":false,"chique-testimonial":false,"chique-logo":false,"chique-why-choose-us":false,"chique-portfolio":false},"uagb_author_info":{"display_name":"pesonic","author_link":"https:\/\/joseluna.net\/index.php\/author\/pesonic\/"},"uagb_comment_info":0,"uagb_excerpt":"Intervenci\u00f3n fotogr\u00e1fica en el patio escalonado de la Biblioteca Vasconcelos en la Ciudad de M\u00e9xico. 2023.","_links":{"self":[{"href":"https:\/\/joseluna.net\/index.php\/wp-json\/wp\/v2\/pages\/169"}],"collection":[{"href":"https:\/\/joseluna.net\/index.php\/wp-json\/wp\/v2\/pages"}],"about":[{"href":"https:\/\/joseluna.net\/index.php\/wp-json\/wp\/v2\/types\/page"}],"author":[{"embeddable":true,"href":"https:\/\/joseluna.net\/index.php\/wp-json\/wp\/v2\/users\/1"}],"replies":[{"embeddable":true,"href":"https:\/\/joseluna.net\/index.php\/wp-json\/wp\/v2\/comments?post=169"}],"version-history":[{"count":1,"href":"https:\/\/joseluna.net\/index.php\/wp-json\/wp\/v2\/pages\/169\/revisions"}],"predecessor-version":[{"id":171,"href":"https:\/\/joseluna.net\/index.php\/wp-json\/wp\/v2\/pages\/169\/revisions\/171"}],"wp:attachment":[{"href":"https:\/\/joseluna.net\/index.php\/wp-json\/wp\/v2\/media?parent=169"}],"curies":[{"name":"wp","href":"https:\/\/api.w.org\/{rel}","templated":true}]}}