{"id":22,"date":"2023-09-04T01:48:53","date_gmt":"2023-09-03T23:48:53","guid":{"rendered":"https:\/\/joseluna.net\/?page_id=22"},"modified":"2023-09-04T01:48:53","modified_gmt":"2023-09-03T23:48:53","slug":"solo-viaje-para-que-me-mandaran-a-cuarentena","status":"publish","type":"page","link":"https:\/\/joseluna.net\/index.php\/solo-viaje-para-que-me-mandaran-a-cuarentena\/","title":{"rendered":"Solo viaj\u00e9 para que me mandaran a cuarentena"},"content":{"rendered":"\n<p>Texto publicado en Tierra Adentro:&nbsp;<\/p>\n\n\n\n<p>\u200b<\/p>\n\n\n\n<p>La percepci\u00f3n de la realidad se transforma cuando en tu trabajo suspenden actividades por la cuarentena, pues hace dos d\u00edas te encontrabas en Hamburgo (ciudad en el norte de Alemania). El rumor del viaje se esparce fuera de la oficina. Para esto, el jefe decide tomar medidas de precauci\u00f3n y te pide que realices home office. Haces cara de sorprendido porque piensas que no deber\u00edan usar ese t\u00e9rmino de la lengua inglesa cuando pueden decirte que trabajes desde la comodidad de tu casa.<\/p>\n\n\n\n<p>Y como en M\u00e9xico \u201ctodo se les va en risas\u201d, quiz\u00e1s ocultando la preocupaci\u00f3n de las circunstancias, comienzas a vacilar tocando a los colegas del trabajo como si tuvieras \u201cla peste\u201d. Ellos uni\u00e9ndose a la festividad como si te hubieras sacado el avi\u00f3n presidencial, te cantan &#8220;La cumbia del coronavirus\u201d de un cabr\u00f3n desconocido que tiene 3 millones 295 mil 68 visitas a partir del 29 de enero de este a\u00f1o. Mi jefa inmediata me dice: \u00a1suertudo! Aunque sea ir\u00e9 al Barrio Chino para ver si tambi\u00e9n me dan home office.<\/p>\n\n\n\n<p>D\u00edas previos, en la ciudad alemana, la situaci\u00f3n se divulgaba por la radio y los noticieros. No entend\u00edas nada por el idioma, pero pon\u00edas cara de preocupado. Afuera, la vida cotidiana era la misma como el final de cualquier invierno: viento, lluvia, clima fr\u00edo y poca gente a las calles. En el U-bahn (Metro) no ve\u00edas ninguna medida de precauci\u00f3n, y eso que los alemanes se caracterizan por tomar todo en serio y ser exageradamente cautos.<\/p>\n\n\n\n<p>El mi\u00e9rcoles 11 de marzo te encontrabas entregando tu pasaporte junto con el boleto de viaje al personal de la aerol\u00ednea Iberia. La seguridad del aeropuerto de Hamburgo siempre es tensa. Siempre es r\u00edgida. Siempre es estricta. Es posible que mantienen una vigilancia excesiva por el acontecimiento sucedido en los Estados Unidos.&nbsp; En el 2001 varios aviones se estrellaron en las torres gemelas y otros lugares de norte am\u00e9rica. Las investigaciones de los pasajeros de los aviones arrojaron que dos personas hab\u00edan salido de la ciudad portuaria de Alemania del norte. Esos hombres eran supuestos estudiantes de alg\u00fan instituto de Hamburgo. Esto es algo que dicen los habitantes como un acontecimiento peculiar de la ciudad.&nbsp; Pero, todo eso ahora parece olvidado. Porque la seguridad parec\u00eda haber tomado t\u00e9 de tila y no te topaste con ning\u00fan protocolo relacionado con el virus.<\/p>\n\n\n\n<p>En la m\u00e1quina infrarroja te detienen y te acompa\u00f1an a una revisi\u00f3n minuciosa en donde demuestras que no tienes nada en los calcetines y la bolsa peque\u00f1a del pantal\u00f3n. Te piden que saques lo que hay y muestras un bulto peque\u00f1o con unos billetes de Sor Juana.<\/p>\n\n\n\n<p>Te sientas en uno de los asientos apretujados mientras escuchas las instrucciones del piloto para comenzar el recorrido. En todos tus viajes acostumbras usar una chamarra o sudadera, aparte de la cobija que te da la aerol\u00ednea, porque siempre bajas del avi\u00f3n con un resfriado provocado por el aire acondicionado. Pero esta vez no has ocupado tus prendas, pues el clima ha sido demasiado c\u00e1lido para un vuelo.<\/p>\n\n\n\n<p>Tres horas despu\u00e9s, te encuentras en Madrid, Espa\u00f1a, esperando el vuelo de conexi\u00f3n a la Ciudad de M\u00e9xico. La vida en los aeropuertos se podr\u00eda comparar con la de los hospitales; el olor a desinfectante te remonta a tu estancia en alg\u00fan de ellos. Por el altavoz anuncian que el viaje ser\u00e1 compartido con otra aerol\u00ednea. Eso significa que en el vuelo te encontraras con personas de otro avi\u00f3n.<\/p>\n\n\n\n<p>Cuando te abrochas el cintur\u00f3n te das cuenta que el asiento contiguo est\u00e1 libre. Eso es una comodidad privilegiada, viajar sin el de junto durante once horas. Sin embargo, esa alegr\u00eda es moment\u00e1nea porque un hombre con acento espa\u00f1ol te pide permiso para ocupar el lugar. El avi\u00f3n despega durante el d\u00eda, no te permite dormir. Procuras ver el men\u00fa de pel\u00edculas traducidas al \u201cespa\u00f1ol de Espa\u00f1a\u201d. A pesar de escuchar los filmes con auriculares te llega el sonido de la tos del intruso de tu derecha. Lo ignoras y tratas de concentrarte en la trama de la pel\u00edcula. No obstante, el silbido del escurrimiento nasal llega a tus o\u00eddos. Naturalmente, sientes una incomodidad que no deber\u00eda de estar sucediendo si esa persona se hubiera quedado en su lugar asignado.<\/p>\n\n\n\n<p>De pronto tu cuerpo comienza a sentir escalofr\u00edos y un leve cosquilleo detr\u00e1s del cuello. Te tocas la frente pensando en alg\u00fan s\u00edntoma y descubres que no tienes nada. Despu\u00e9s de unos minutos comprendes que los padecimientos no son f\u00edsicos, sino que son generados por tu mente. La sugesti\u00f3n te invade.<\/p>\n\n\n\n<p>En un instante imaginas tu muerte por un virus contra\u00eddo en tu \u00faltimo viaje a Europa. Recuerdas que siempre es mejor quedarse en casa y no salir para evitar al mundo y sus peque\u00f1os detalles; como una pandemia, por ejemplo. Piensas que te detendr\u00e1n en el aeropuerto y te llevar\u00e1n a un hospital como si fueras un delincuente. Te diriges al ba\u00f1o y te lavas las manos porque tocaste la puerta. Y antes de salir repites la maniobra.<\/p>\n\n\n\n<p>Regresas a tu lugar y la angustia se calma cuando descubres que tu acompa\u00f1ante revisa en su computadora algunas fotos con algunos casos de acn\u00e9 y cicatrices.&nbsp; Algo as\u00ed como los infomerciales donde muestran a las personas con un antes y despu\u00e9s. Para tu satisfacci\u00f3n, comienzas a fantasear y supones que es un m\u00e9dico o algo relacionado con la salud. Y te imaginas que ya ha aplicado sus patrones de higiene personal. Adem\u00e1s, tu paranoia disminuye cuando el piloto explica que el aire del avi\u00f3n usa un sistema de ventilaci\u00f3n que renueva el aire unas veinte veces cada hora.<\/p>\n\n\n\n<p>El aeroplano aterriza y comienza a escucharse \u00a1clic!, \u00a1clic!, por doquier, el sonido resulta ser un alivio porque la gente se libera del cintur\u00f3n de seguridad. Cuando tomas tu maleta y est\u00e1s listo para desalojar el avi\u00f3n los altavoces ordenan a m\u00e1s de diez personas salir de inmediato de la nave. Te indican que nadie puede descender antes que ellos. Al despedirte del personal del vuelo en la puerta y caminar por el puente te recibe una chica con un traje blanco que te recuerda los documentales de Chern\u00f3bil. Ella te observa mientras te dice: bienvenido.<\/p>\n\n\n\n<p>Cuando llegas al \u00e1rea de migraci\u00f3n hay dos filas que separan a los nacionales de los extranjeros. Y cerca de las filas nacionales hay una oficina inflable donde llevan a los chicos que mencionaron por los altavoces. Son j\u00f3venes menores de veinte a\u00f1os. Todos visten ropa deportiva con el escudo de un colegio en la espalda. Quiz\u00e1 llegaron de Italia y transbordaron en Madrid.<\/p>\n\n\n\n<p>Los dos d\u00edas desde tu llegada hasta tu \u201caislamiento\u201d son momentos de cotidianidad. Los hombres que limpian parabrisas siguen aboll\u00e1ndote el auto. En las quesadillas siguen pidiendo quesadillas con queso. Es cierto que el impacto del virus viene por etapas. Pero, ac\u00e1, hasta el momento, no sucede nada y solo te enteras que la gasolina ha bajado unos pesos.<\/p>\n\n\n\n<p>La Ciudad de M\u00e9xico se construye de varias formas. En algunos lugares la gente se prepara para el apocalipsis comprando kilos de papel de ba\u00f1o. En otros, los m\u00e1s populares, abunda el comercio informal. Ah\u00ed donde habitan las personas que generan sus ingresos d\u00eda a d\u00eda. Para ellos no existe la enfermedad sino hasta que ya no puedan caminar o respirar. Los barrios como la Merced, la Guerrero, Tepito, la Lagunilla, por mencionar algunos, seguir\u00e1n en pie de lucha laboral porque deben de pagar las rentas. Mientras, otros s\u00ed tienen el privilegio de ver caer el mundo desde la comodidad de sus casas.<\/p>\n\n\n\n<p>Recuerdas lo acontecido all\u00e1 por el 2009. Cuando se vivi\u00f3 algo similar. Hiciste lo mismo: salir a la calle a ver c\u00f3mo la gente viv\u00eda con la crisis. Y te das cuenta de hay ciertas similitudes. En los caf\u00e9s todos son epidemi\u00f3logos y saben todo acerca del virus, y escuchas que recetan mezcal, t\u00e9 y coca\u00edna para la enfermedad. En el transporte p\u00fablico escuchas que el amigo de una amiga tuvo COVID-19 y ya se recuper\u00f3 y ahora es inmune hasta de la corrupci\u00f3n. Ahora, con las benditas redes sociales, te das cuenta de que, en los medios de comunicaci\u00f3n, est\u00e1n haciendo \u00e9nfasis a los chayoteros: la culpa del coronavirus es por el presidente Obrador.<\/p>\n\n\n\n<p>Mientras vives refugiado en tu departamento esperando que ning\u00fan s\u00edntoma aparezca, no sabes si la paranoia ha invadido el piso de la oficina. Viajar es un verbo que deber\u00eda ser constante en la vida de los individuos.&nbsp; Sin embargo, hay ocasiones en las que es mejor gastarse la tanda en otra cosa que no sea en un vuelo para no vivir una experiencia engorrosa. Pero, por el momento, sigues trabajando en calzones frente a la computadora y viendo c\u00f3mo el mundo se transforma desde las noticias de tu ordenador.<\/p>\n","protected":false},"excerpt":{"rendered":"<p>Texto publicado en Tierra Adentro:&nbsp; \u200b La percepci\u00f3n de la realidad se transforma cuando en tu trabajo suspenden actividades por la cuarentena, pues hace dos d\u00edas te encontrabas en Hamburgo (ciudad en el norte de<span class=\"more-button\"><a href=\"https:\/\/joseluna.net\/index.php\/solo-viaje-para-que-me-mandaran-a-cuarentena\/\" class=\"more-link\">Continue reading<span class=\"screen-reader-text\">Solo viaj\u00e9 para que me mandaran a cuarentena<\/span><i class=\"fa fa-angle-right\" aria-hidden=\"true\"><\/i><\/a><\/span><\/p>\n","protected":false},"author":1,"featured_media":0,"parent":0,"menu_order":0,"comment_status":"closed","ping_status":"closed","template":"","meta":{"_uag_custom_page_level_css":"","footnotes":""},"uagb_featured_image_src":{"full":false,"thumbnail":false,"medium":false,"medium_large":false,"large":false,"1536x1536":false,"2048x2048":false,"post-thumbnail":false,"chique-slider":false,"chique-featured":false,"chique-header-inner":false,"chique-hero-content":false,"chique-testimonial":false,"chique-logo":false,"chique-why-choose-us":false,"chique-portfolio":false},"uagb_author_info":{"display_name":"pesonic","author_link":"https:\/\/joseluna.net\/index.php\/author\/pesonic\/"},"uagb_comment_info":0,"uagb_excerpt":"Texto publicado en Tierra Adentro:&nbsp; \u200b La percepci\u00f3n de la realidad se transforma cuando en tu trabajo suspenden actividades por la cuarentena, pues hace dos d\u00edas te encontrabas en Hamburgo (ciudad en el norte deContinue readingSolo viaj\u00e9 para que me mandaran a cuarentena","_links":{"self":[{"href":"https:\/\/joseluna.net\/index.php\/wp-json\/wp\/v2\/pages\/22"}],"collection":[{"href":"https:\/\/joseluna.net\/index.php\/wp-json\/wp\/v2\/pages"}],"about":[{"href":"https:\/\/joseluna.net\/index.php\/wp-json\/wp\/v2\/types\/page"}],"author":[{"embeddable":true,"href":"https:\/\/joseluna.net\/index.php\/wp-json\/wp\/v2\/users\/1"}],"replies":[{"embeddable":true,"href":"https:\/\/joseluna.net\/index.php\/wp-json\/wp\/v2\/comments?post=22"}],"version-history":[{"count":1,"href":"https:\/\/joseluna.net\/index.php\/wp-json\/wp\/v2\/pages\/22\/revisions"}],"predecessor-version":[{"id":23,"href":"https:\/\/joseluna.net\/index.php\/wp-json\/wp\/v2\/pages\/22\/revisions\/23"}],"wp:attachment":[{"href":"https:\/\/joseluna.net\/index.php\/wp-json\/wp\/v2\/media?parent=22"}],"curies":[{"name":"wp","href":"https:\/\/api.w.org\/{rel}","templated":true}]}}