{"id":25,"date":"2023-09-04T02:03:57","date_gmt":"2023-09-04T00:03:57","guid":{"rendered":"https:\/\/joseluna.net\/?page_id=25"},"modified":"2023-09-04T04:41:28","modified_gmt":"2023-09-04T02:41:28","slug":"alemania-vs-mexico","status":"publish","type":"page","link":"https:\/\/joseluna.net\/index.php\/alemania-vs-mexico\/","title":{"rendered":"Alemania vs M\u00e9xico"},"content":{"rendered":"\n<p>Texto publicado en Perro cr\u00f3nico :  <\/p>\n\n\n\n<p><\/p>\n\n\n\n<p> <a href=\"https:\/\/perrocronico.com\/alemania-vs-mexico\/\">https:\/\/perrocronico.com\/alemania-vs-mexico\/<\/a><\/p>\n\n\n\n<p>Al primer minuto Hirving Lozano se desliza por la banda izquierda, dentro del \u00e1rea hace un recorte hacia la derecha eliminando al primer defensa, dispara hacia la porter\u00eda, pero sale al rescate la pierna de Boateng. Al mismo tiempo, un lamento generalizado se escucha entre los aficionados. Instantes seguidos un ataque de Timo Werner al arquero de la Selecci\u00f3n Mexicana generaba aplausos de los espectadores.&nbsp; En menos de diez minutos y con llegadas por ambos equipos el partido se notaba ambicioso.<\/p>\n\n\n\n<p>Yo no s\u00e9 mucho de Alemania ni de Fu\u00dfball, pero entend\u00eda la tensi\u00f3n que provoca una buena pel\u00edcula. Y el partido demostraba un conflicto en la narrativa deportiva. El B\u00fcrgermeister de Hamburgo \u2014digamos, el Jefe de Gobierno\u2014 hab\u00eda pronosticado un resultado de dos a unos instantes previos al partido. Igual que en el Mundial de Francia en 1998. &nbsp;Con la victoria del mundial anterior en Brasil 2014 y varias muestras de partidos previos malos por parte del conjunto Azteca, todos esperan una victoria indiscutible por parte de los germanos.<\/p>\n\n\n\n<p>El juego avanzaba y una tromba ca\u00eda en el Heiligengeistfeld de Sankt Pauli. Un espacio p\u00fablico que tiene como referente el Millerntor-Stadion que alberga al equipo de soccer, FC St Pauli, y a un lado una de las tres torres (Bunker) construidas en la segunda guerra mundial en Hamburgo para defender el ataque al puerto. As\u00ed, con todo y lluvia los espectadores permanec\u00edan inm\u00f3viles ante la enrome pantalla que era imposible perder cada detalle.<\/p>\n\n\n\n<p>Seis meses en Hamburgo y una escasa integraci\u00f3n a la cultura alemana, \u2014debido a mi precoz conocimiento del lenguaje\u2014, ser\u00edan mis factores obligados para asistir a un lugar p\u00fablico para comprender un poco m\u00e1s la cultura de los alemanes a trav\u00e9s del futbol.<\/p>\n\n\n\n<p>Llego el minuto treinta y cinco. Otra vez Hirving Lozano realiza la misma jugada del principio, parec\u00eda una repetici\u00f3n, la diferencia es que el bal\u00f3n rebotaba adentro de la porter\u00eda. La gente enmudece y los comentaristas hacen un breve dialogo sin frenes\u00ed. El \u00fanico sonido fue el de la multitud del estadio. Hoy hab\u00eda pensado que escuchar\u00eda var\u00edas veces: Tor!, \u2014 \u00a1gol! \u2014 en alem\u00e1n. Sin embargo, solo veo rostros llenos de desencanto en b\u00fasqueda de un abrazo de consuelo. Los asistentes hab\u00edan demostrado poco entusiasmo durante el juego, yo acostumbrado al desmadre de los mexicanos, me parec\u00edan parcos y a veces inexpresivos. Quiz\u00e1, estaba en lugar equivocado. En esta ciudad todos hablan de fu\u03b2ball porque sus principales equipos son: El Hamburger SV y FC St Pauli. Pero supongo que los hinchas que apoyan este deporte est\u00e1n en otro sitio m\u00e1s herm\u00e9tico. O entrenando box para su pr\u00f3ximo enfrentamiento como el sucedido hace dos meses cerca de \u00e9ste zona; enfrentamiento entre hooligans de FC Schalke 04 beim Hamburger SV dentro de la Bundesliga.<\/p>\n\n\n\n<p>En el segundo tiempo el equipo de Joachim L\u00f6w muestra una mayor ofensiva. Misma que da esperanza para los visitantes. Se siente un mayor entusiasmo en cada ataque. Un chico se chupa los dedos por la mayonesa que escurre de su salchicha. Tarros de cerveza van y vienen. Los chicos de enfrente se abrazan con solidaridad y hermandad recordando que el futbol nos une. Ahora los veo tan inofensivos. Eso me hace dudar sobre mi percepci\u00f3n hac\u00eda ellos cuando el animador del partido dijo: \u2014 Alle den rechten Arm heben\u2014 \u201ctodos levanten su brazo derecho\u201d y ellos hicieron el saludo nazi. Pues, si mi apreciaci\u00f3n fue \u201ccorrecta\u201d, supongo que podr\u00eda tener un inconveniente por mi tono de piel. Mientas las banderas ondean el comentarista recuerda al esc\u00e1ndalo con las treinta prostitutas. Y se\u00f1alan el problema familiar de H\u00e9ctor Herrera.<\/p>\n\n\n\n<p>Se acerca el final del partido y fan\u00e1ticos abandonan el lugar. Hora recuerdo decir al animador: Willkommen zur ersten Niederlage Mexikos, \u201cbienvenidos a la primera derrota de M\u00e9xico\u201d. El partido llegaba a su final con el marcador de M\u00e9xico 1, Alemania 0. Una peque\u00f1a parte de mi deseaba una victoria.&nbsp; Y al mismo tiempo me cuestionaba. \u00bfqu\u00e9 paso con Alemania? \u00bffallaron sus escuelas de futbol? \u00bfno fueron suficiente sus hermosas cachas p\u00fablicas? \u00bfo la estrategia de las prostitutas hab\u00eda funcionado?<\/p>\n\n\n\n<p>No s\u00e9 muchas cosas de futbol ni de Alemania. Hoy s\u00f3lo vine a entender un poco m\u00e1s de su cultura. Porque en M\u00e9xico ya conozco el rostro de la derrota, pero ahora, tambi\u00e9n conozco el rostro de la derrota de los alemanes.<\/p>\n","protected":false},"excerpt":{"rendered":"<p>Texto publicado en Perro cr\u00f3nico : https:\/\/perrocronico.com\/alemania-vs-mexico\/ Al primer minuto Hirving Lozano se desliza por la banda izquierda, dentro del \u00e1rea hace un recorte hacia la derecha eliminando al primer defensa, dispara hacia la porter\u00eda,<span class=\"more-button\"><a href=\"https:\/\/joseluna.net\/index.php\/alemania-vs-mexico\/\" class=\"more-link\">Continue reading<span class=\"screen-reader-text\">Alemania vs M\u00e9xico<\/span><i class=\"fa fa-angle-right\" aria-hidden=\"true\"><\/i><\/a><\/span><\/p>\n","protected":false},"author":1,"featured_media":0,"parent":0,"menu_order":0,"comment_status":"closed","ping_status":"closed","template":"","meta":{"_uag_custom_page_level_css":"","footnotes":""},"uagb_featured_image_src":{"full":false,"thumbnail":false,"medium":false,"medium_large":false,"large":false,"1536x1536":false,"2048x2048":false,"post-thumbnail":false,"chique-slider":false,"chique-featured":false,"chique-header-inner":false,"chique-hero-content":false,"chique-testimonial":false,"chique-logo":false,"chique-why-choose-us":false,"chique-portfolio":false},"uagb_author_info":{"display_name":"pesonic","author_link":"https:\/\/joseluna.net\/index.php\/author\/pesonic\/"},"uagb_comment_info":0,"uagb_excerpt":"Texto publicado en Perro cr\u00f3nico : https:\/\/perrocronico.com\/alemania-vs-mexico\/ Al primer minuto Hirving Lozano se desliza por la banda izquierda, dentro del \u00e1rea hace un recorte hacia la derecha eliminando al primer defensa, dispara hacia la porter\u00eda,Continue readingAlemania vs M\u00e9xico","_links":{"self":[{"href":"https:\/\/joseluna.net\/index.php\/wp-json\/wp\/v2\/pages\/25"}],"collection":[{"href":"https:\/\/joseluna.net\/index.php\/wp-json\/wp\/v2\/pages"}],"about":[{"href":"https:\/\/joseluna.net\/index.php\/wp-json\/wp\/v2\/types\/page"}],"author":[{"embeddable":true,"href":"https:\/\/joseluna.net\/index.php\/wp-json\/wp\/v2\/users\/1"}],"replies":[{"embeddable":true,"href":"https:\/\/joseluna.net\/index.php\/wp-json\/wp\/v2\/comments?post=25"}],"version-history":[{"count":2,"href":"https:\/\/joseluna.net\/index.php\/wp-json\/wp\/v2\/pages\/25\/revisions"}],"predecessor-version":[{"id":42,"href":"https:\/\/joseluna.net\/index.php\/wp-json\/wp\/v2\/pages\/25\/revisions\/42"}],"wp:attachment":[{"href":"https:\/\/joseluna.net\/index.php\/wp-json\/wp\/v2\/media?parent=25"}],"curies":[{"name":"wp","href":"https:\/\/api.w.org\/{rel}","templated":true}]}}