{"id":36,"date":"2023-09-04T02:21:37","date_gmt":"2023-09-04T00:21:37","guid":{"rendered":"https:\/\/joseluna.net\/?page_id=36"},"modified":"2023-09-04T02:21:37","modified_gmt":"2023-09-04T00:21:37","slug":"plaza","status":"publish","type":"page","link":"https:\/\/joseluna.net\/index.php\/plaza\/","title":{"rendered":"PLAZA"},"content":{"rendered":"\n<p><p class=\"font_8\"><span style=\"letter-spacing:normal\">Texto publicado en la Revista NOMASTIQUE :<\/span><\/p><p class=\"font_8\"><\/p><a href=\"https:\/\/issuu.com\/menumamedia\/docs\/044_plaza_issuu\">https:\/\/issuu.com\/menumamedia\/docs\/044_plaza_issuu<\/a><p class=\"font_8\"><\/p><p class=\"font_8\"><\/p><p class=\"font_8\"><span style=\"letter-spacing:normal\">\u00a0 \u00a0 \u00a0 \u00a0 \u00a0 \u00a0 \u00a0 \u00a0 \u00a0 \u00a0 \u00a0 \u00a0 \u00a0 \u00a0 \u00a0 \u00a0 \u00a0 \u00a0 \u00a0 \u00a0 \u00a0 \u00a0 \u00a0 \u00a0 \u00a0 \u00a0 \u00a0 \u00a0 \u00a0 \u00a0 \u00a0 \u00a0 \u00a0 \u00a0 \u00a0 \u00a0 \u00a0 \u00a0 \u00a0 \u00a0 \u00a0 \u00a0 \u00a0 \u00a0 \u00a0 \u00a0 \u00a0 \u00a0 \u00a0 \u00a0  \u00a0 \u00a0 Texto. 1<\/span><\/p><p class=\"font_8\"><\/p><p class=\"font_8\"><span style=\"letter-spacing:normal\">Mi padre creci\u00f3 en una colonia contigua a Tlatelolco. Su domicilio se encontraba a m\u00e1s de 10\u00a0 o 13 calles en linea recta hacia esos edificios que acercaban el futuro.\u00a0 La conStrucci\u00f3n que comenz\u00f3 en 1960 de la Unidad habitacional Nonoalco remarcaba la austeridad de las colonias aleda\u00f1as. Del lado norte, la Ex- Hip\u00f3dromo de Peralvillo era una colonia llena de casas charrapas. Algunas con techos de vigas. Vecindades con ba\u00f1os y lavaderos comunitarios.\u00a0 Y, entre ambas, corr\u00eda la avenida Eje 2 Norte; Manuel Gonz\u00e1lez. As\u00ed, Nonoalco y la Ex- hip\u00f3dromo se encontraban separadas por tiempo, esitlo y arquitectura. Sin embargo, un puente peatonal vinculaba las dos zonas.\u00a0 Y desde el puente se aprecia diferente Tlatelolco que a ras de suelo. Mi padre y yo conocemos este mismo puente pero en contextos diferentes.De ni\u00f1o, mientras jugaba en la calle, escuch\u00f3 explosiones, crey\u00f3 que eran juegos artificiales. \u00c9l y otro amigo recorrieron la colonia hasta el puente. Y vieron tanques y camiones militares en Manuel Gonz\u00e1les. Subi\u00f3 al puente y observ\u00f3 a gente que corr\u00eda por todas partes mientras se escuchaban disparos. Nadie pod\u00eda cruzar.\u00a0 Nadie pod\u00eda entrar y salir.\u00a0Y a veces, cuando camino por el puente, imagino tanques verdes.\u00a0<\/span><\/p><p class=\"font_8\"><\/p><p class=\"font_8\"><span style=\"letter-spacing:normal\">\u00a0 \u00a0 \u00a0 \u00a0 \u00a0 \u00a0 \u00a0 \u00a0 \u00a0 \u00a0 \u00a0 \u00a0 \u00a0 \u00a0 \u00a0 \u00a0 \u00a0 \u00a0 \u00a0 \u00a0 \u00a0 \u00a0 \u00a0 \u00a0 \u00a0 \u00a0 \u00a0 \u00a0 \u00a0 \u00a0 \u00a0 \u00a0 \u00a0 \u00a0 \u00a0 \u00a0 \u00a0 \u00a0 \u00a0 \u00a0 \u00a0 \u00a0 \u00a0 \u00a0 \u00a0 \u00a0 \u00a0 \u00a0 \u00a0 \u00a0 \u00a0 \u00a0 \u00a0 \u00a0 Texto. 2<\/span><\/p><p class=\"font_8\"><\/p><p class=\"font_8\"><span style=\"letter-spacing:normal\">No recuerdo cunado fue la primera vez que entr\u00e9 a Tlatelolco. Pero, s\u00ed recuerdo cuando la percib\u00ed distinto. Sucedi\u00f3 despu\u00e9s de ver la pel\u00edcula Rojo amanecer, y Nonoalco se transformo en algo oscuro lleno de espanto. Asist\u00ed a una secundaria que se encuentra dentro de la tercera secci\u00f3n. Eso me oblig\u00f3 a convivir con los colegas que habitaban los edificios. Mientras entraba en ellos, mi mente me llenaba de im\u00e1genes de cuerpos llenos de sangre que se tend\u00edan por las escaleras. Me llegu\u00e9 a sentir como en la \u00faltima escena cuando el ni\u00f1o sale del departamento y encuentra a su familia asesinada.\u00a0 Caminar por los pasillos de los edificios me daba escozor, pensaba en los militares disparando hac\u00eda la plaza, hac\u00eda los pasillos, a todos lados.\u00a0 Hombres vestidos de verde derrumbando puertas.La matanza del 68 despretigi\u00f3 la zona.\u00a0 Pero, el sismo del 85 la transform\u00f3oen parca y desnutrida.\u00a0Despu\u00e9s, ese miedo y el recuerdo disminuy\u00f3 cuando termin\u00e9 la secundaria y dej\u00e9 de frecuentar &#8220;tlate&#8221;.<\/span><\/p><\/p>\n","protected":false},"excerpt":{"rendered":"<p>Texto publicado en la Revista NOMASTIQUE : https:\/\/issuu.com\/menumamedia\/docs\/044_plaza_issuu \u00a0 \u00a0 \u00a0 \u00a0 \u00a0 \u00a0 \u00a0 \u00a0 \u00a0 \u00a0 \u00a0 \u00a0 \u00a0 \u00a0 \u00a0 \u00a0 \u00a0 \u00a0 \u00a0 \u00a0 \u00a0 \u00a0 \u00a0 \u00a0 \u00a0 \u00a0 \u00a0<span class=\"more-button\"><a href=\"https:\/\/joseluna.net\/index.php\/plaza\/\" class=\"more-link\">Continue reading<span class=\"screen-reader-text\">PLAZA<\/span><i class=\"fa fa-angle-right\" aria-hidden=\"true\"><\/i><\/a><\/span><\/p>\n","protected":false},"author":1,"featured_media":0,"parent":0,"menu_order":0,"comment_status":"closed","ping_status":"closed","template":"","meta":{"_uag_custom_page_level_css":"","footnotes":""},"uagb_featured_image_src":{"full":false,"thumbnail":false,"medium":false,"medium_large":false,"large":false,"1536x1536":false,"2048x2048":false,"post-thumbnail":false,"chique-slider":false,"chique-featured":false,"chique-header-inner":false,"chique-hero-content":false,"chique-testimonial":false,"chique-logo":false,"chique-why-choose-us":false,"chique-portfolio":false},"uagb_author_info":{"display_name":"pesonic","author_link":"https:\/\/joseluna.net\/index.php\/author\/pesonic\/"},"uagb_comment_info":0,"uagb_excerpt":"Texto publicado en la Revista NOMASTIQUE : https:\/\/issuu.com\/menumamedia\/docs\/044_plaza_issuu \u00a0 \u00a0 \u00a0 \u00a0 \u00a0 \u00a0 \u00a0 \u00a0 \u00a0 \u00a0 \u00a0 \u00a0 \u00a0 \u00a0 \u00a0 \u00a0 \u00a0 \u00a0 \u00a0 \u00a0 \u00a0 \u00a0 \u00a0 \u00a0 \u00a0 \u00a0 \u00a0Continue readingPLAZA","_links":{"self":[{"href":"https:\/\/joseluna.net\/index.php\/wp-json\/wp\/v2\/pages\/36"}],"collection":[{"href":"https:\/\/joseluna.net\/index.php\/wp-json\/wp\/v2\/pages"}],"about":[{"href":"https:\/\/joseluna.net\/index.php\/wp-json\/wp\/v2\/types\/page"}],"author":[{"embeddable":true,"href":"https:\/\/joseluna.net\/index.php\/wp-json\/wp\/v2\/users\/1"}],"replies":[{"embeddable":true,"href":"https:\/\/joseluna.net\/index.php\/wp-json\/wp\/v2\/comments?post=36"}],"version-history":[{"count":1,"href":"https:\/\/joseluna.net\/index.php\/wp-json\/wp\/v2\/pages\/36\/revisions"}],"predecessor-version":[{"id":38,"href":"https:\/\/joseluna.net\/index.php\/wp-json\/wp\/v2\/pages\/36\/revisions\/38"}],"wp:attachment":[{"href":"https:\/\/joseluna.net\/index.php\/wp-json\/wp\/v2\/media?parent=36"}],"curies":[{"name":"wp","href":"https:\/\/api.w.org\/{rel}","templated":true}]}}