{"id":49,"date":"2023-09-04T05:43:25","date_gmt":"2023-09-04T03:43:25","guid":{"rendered":"https:\/\/joseluna.net\/?page_id=49"},"modified":"2023-09-04T05:43:25","modified_gmt":"2023-09-04T03:43:25","slug":"periodistas-en-la-pandemia","status":"publish","type":"page","link":"https:\/\/joseluna.net\/index.php\/periodistas-en-la-pandemia\/","title":{"rendered":"Periodistas en la pandemia"},"content":{"rendered":"\n<figure class=\"wp-block-embed is-type-video is-provider-youtube wp-block-embed-youtube wp-embed-aspect-16-9 wp-has-aspect-ratio\"><div class=\"wp-block-embed__wrapper\">\n<iframe loading=\"lazy\" title=\"Fotograf\u00edas de la pandemia covid-19. Ciudad de M\u00e9xico. M\u00e9xico. CDMX.\" width=\"940\" height=\"529\" src=\"https:\/\/www.youtube.com\/embed\/U_NmIK4iK2k?feature=oembed\" frameborder=\"0\" allow=\"accelerometer; autoplay; clipboard-write; encrypted-media; gyroscope; picture-in-picture; web-share\" allowfullscreen><\/iframe>\n<\/div><\/figure>\n\n\n\n<p>6 Fotoperiodistas mexicanos independientes realizaron la cobertura de la pandemia Covid 19 en varios estados de M\u00e9xico.<\/p>\n","protected":false},"excerpt":{"rendered":"<p>6 Fotoperiodistas mexicanos independientes realizaron la cobertura de la pandemia Covid 19 en varios estados de M\u00e9xico.<\/p>\n","protected":false},"author":1,"featured_media":0,"parent":0,"menu_order":0,"comment_status":"closed","ping_status":"closed","template":"","meta":{"_uag_custom_page_level_css":"","footnotes":""},"uagb_featured_image_src":{"full":false,"thumbnail":false,"medium":false,"medium_large":false,"large":false,"1536x1536":false,"2048x2048":false,"post-thumbnail":false,"chique-slider":false,"chique-featured":false,"chique-header-inner":false,"chique-hero-content":false,"chique-testimonial":false,"chique-logo":false,"chique-why-choose-us":false,"chique-portfolio":false},"uagb_author_info":{"display_name":"pesonic","author_link":"https:\/\/joseluna.net\/index.php\/author\/pesonic\/"},"uagb_comment_info":0,"uagb_excerpt":"6 Fotoperiodistas mexicanos independientes realizaron la cobertura de la pandemia Covid 19 en varios estados de M\u00e9xico.","_links":{"self":[{"href":"https:\/\/joseluna.net\/index.php\/wp-json\/wp\/v2\/pages\/49"}],"collection":[{"href":"https:\/\/joseluna.net\/index.php\/wp-json\/wp\/v2\/pages"}],"about":[{"href":"https:\/\/joseluna.net\/index.php\/wp-json\/wp\/v2\/types\/page"}],"author":[{"embeddable":true,"href":"https:\/\/joseluna.net\/index.php\/wp-json\/wp\/v2\/users\/1"}],"replies":[{"embeddable":true,"href":"https:\/\/joseluna.net\/index.php\/wp-json\/wp\/v2\/comments?post=49"}],"version-history":[{"count":1,"href":"https:\/\/joseluna.net\/index.php\/wp-json\/wp\/v2\/pages\/49\/revisions"}],"predecessor-version":[{"id":51,"href":"https:\/\/joseluna.net\/index.php\/wp-json\/wp\/v2\/pages\/49\/revisions\/51"}],"wp:attachment":[{"href":"https:\/\/joseluna.net\/index.php\/wp-json\/wp\/v2\/media?parent=49"}],"curies":[{"name":"wp","href":"https:\/\/api.w.org\/{rel}","templated":true}]}}